{"id":3,"date":"2025-04-22T23:29:20","date_gmt":"2025-04-22T21:29:20","guid":{"rendered":"http:\/\/bezaiwp68.you2.pl\/?page_id=3"},"modified":"2026-02-27T09:47:15","modified_gmt":"2026-02-27T08:47:15","slug":"polityka-prywatnosci","status":"publish","type":"page","link":"https:\/\/colab.workspoty.com\/index.php\/polityka-prywatnosci\/","title":{"rendered":"Polityka prywatno\u015bci"},"content":{"rendered":"\n<h2 class=\"wp-block-heading\"><strong>1. Informacje og\u00f3lne<\/strong><\/h2>\n\n\n\n<ol class=\"wp-block-list\">\n<li>Niniejsza polityka dotyczy Serwisu www, funkcjonuj\u0105cego pod adresem:<a href=\"https:\/\/www.colab.workspoty.com\/\"> <strong>https:\/\/www.colab.workspoty.com\/<\/strong><\/a><\/li>\n\n\n\n<li>Operatorem serwisu oraz Administratorem danych osobowych jest: <strong>Workationspot sp. z o.o.<\/strong> z siedzib\u0105 w E\u0142ku (19-300), ul. Podmiejska 5, NIP: 8481884062, REGON: 524027269.<\/li>\n\n\n\n<li>Adres kontaktowy poczty elektronicznej Operatora: <strong>hello@workspoty.com<\/strong><\/li>\n\n\n\n<li>Operator jest Administratorem Twoich danych osobowych w odniesieniu do danych podanych dobrowolnie w Serwisie.<\/li>\n\n\n\n<li>Serwis wykorzystuje i przetwarza dane osobowe w nast\u0119puj\u0105cych celach:\n<ul class=\"wp-block-list\">\n<li>prezentacja oferty lub informacji,<\/li>\n\n\n\n<li>prowadzenie newsletter\u00f3w,<\/li>\n\n\n\n<li>prowadzenie ankiet i bada\u0144 spo\u0142eczno\u015bci,<\/li>\n\n\n\n<li>prowadzenie blog\u00f3w oraz system\u00f3w komentarzy,<\/li>\n\n\n\n<li>realizacja proces\u00f3w rekrutacyjnych,<\/li>\n\n\n\n<li>realizacja zam\u00f3wionych us\u0142ug i towar\u00f3w.<\/li>\n<\/ul>\n<\/li>\n\n\n\n<li>Serwis realizuje funkcje pozyskiwania informacji o u\u017cytkownikach i ich zachowaniu poprzez:\n<ul class=\"wp-block-list\">\n<li>dobrowolnie wprowadzone w formularzach dane,<\/li>\n\n\n\n<li>zapisywanie w urz\u0105dzeniach ko\u0144cowych plik\u00f3w cookie (tzw. \u201eciasteczka\u201d).<\/li>\n<\/ul>\n<\/li>\n<\/ol>\n\n\n\n<h2 class=\"wp-block-heading\"><strong>2. Wybrane metody ochrony danych stosowane przez Operatora<\/strong><\/h2>\n\n\n\n<ol class=\"wp-block-list\">\n<li>Miejsca logowania i wprowadzania danych osobowych s\u0105 chronione w warstwie transmisji (<strong>certyfikat SSL<\/strong>).<\/li>\n\n\n\n<li>Has\u0142a u\u017cytkownik\u00f3w s\u0105 przechowywane w postaci hashowanej (jednokierunkowej), co uniemo\u017cliwia ich odczytanie w przypadku nieuprawnionego dost\u0119pu.<\/li>\n\n\n\n<li>Operator regularnie wykonuje kopie bezpiecze\u0144stwa oraz aktualizuje oprogramowanie s\u0142u\u017c\u0105ce do przetwarzania danych.<\/li>\n<\/ol>\n\n\n\n<h2 class=\"wp-block-heading\"><strong>3. Hosting i logi Administratora<\/strong><\/h2>\n\n\n\n<ol class=\"wp-block-list\">\n<li>Serwis jest hostowany (technicznie utrzymywany) na serwerach firmy zewn\u0119trznej.<\/li>\n\n\n\n<li>Informacje o zachowaniu u\u017cytkownik\u00f3w (np. adres IP, czas zapytania) mog\u0105 podlega\u0107 logowaniu w celu administrowania serwisem i zapewnienia bezpiecze\u0144stwa.<\/li>\n<\/ol>\n\n\n\n<h2 class=\"wp-block-heading\"><strong>4. Twoje prawa i dodatkowe informacje o sposobie wykorzystania danych<\/strong><\/h2>\n\n\n\n<ol class=\"wp-block-list\">\n<li>Administrator ma prawo przekazywa\u0107 Twoje dane osobowe innym odbiorcom, je\u015bli b\u0119dzie to niezb\u0119dne do wykonania umowy lub obowi\u0105zk\u00f3w prawnych. Dotyczy to: firm hostingowych, operator\u00f3w p\u0142atno\u015bci, firm kurierskich, urz\u0119d\u00f3w, kancelarii prawnych oraz biur rachunkowych.<\/li>\n\n\n\n<li>Twoje dane osobowe przetwarzane s\u0105 nie d\u0142u\u017cej, ni\u017c jest to konieczne do wykonania zwi\u0105zanych z nimi czynno\u015bci (np. przepisy o rachunkowo\u015bci). Dane marketingowe s\u0105 przetwarzane maksymalnie przez 3 lata.<\/li>\n\n\n\n<li>Przys\u0142uguje Ci prawo \u017c\u0105dania od Administratora:\n<ul class=\"wp-block-list\">\n<li>dost\u0119pu do danych osobowych,<\/li>\n\n\n\n<li>ich sprostowania, usuni\u0119cia lub ograniczenia przetwarzania,<\/li>\n\n\n\n<li>przenoszenia danych.<\/li>\n<\/ul>\n<\/li>\n\n\n\n<li>Przys\u0142uguje Ci prawo do z\u0142o\u017cenia sprzeciwu wobec przetwarzania danych w celu wykonania prawnie uzasadnionych interes\u00f3w (w tym profilowania).<\/li>\n\n\n\n<li>Na dzia\u0142ania Administratora przys\u0142uguje skarga do Prezesa Urz\u0119du Ochrony Danych Osobowych (ul. Stawki 2, 00-193 Warszawa).<\/li>\n\n\n\n<li>Dane osobowe nie s\u0105 przekazywane do kraj\u00f3w trzecich poza teren Unii Europejskiej.<\/li>\n<\/ol>\n\n\n\n<h2 class=\"wp-block-heading\"><strong>5. Informacje w formularzach<\/strong><\/h2>\n\n\n\n<ol class=\"wp-block-list\">\n<li>Serwis zbiera informacje podane dobrowolnie przez u\u017cytkownika.<\/li>\n\n\n\n<li>Dane podane w formularzu s\u0105 przetwarzane w celu wynikaj\u0105cym z funkcji konkretnego formularza (np. kontakt handlowy, rejestracja, obs\u0142uga zg\u0142oszenia).<\/li>\n<\/ol>\n\n\n\n<h2 class=\"wp-block-heading\"><strong>6. Istotne techniki marketingowe<\/strong><\/h2>\n\n\n\n<ol class=\"wp-block-list\">\n<li>Operator stosuje analiz\u0119 statystyczn\u0105 ruchu na stronie poprzez <strong>Google Analytics<\/strong>. Dane przekazywane do operatora tej us\u0142ugi s\u0105 zanonimizowane.<\/li>\n\n\n\n<li>Operator korzysta z <strong>piksela Facebooka<\/strong>, co pozwala serwisowi Facebook na powi\u0105zanie wizyty w Serwisie z profilem u\u017cytkownika w tym portalu (zgodnie z zasadami prywatno\u015bci Facebooka).<\/li>\n\n\n\n<li>Operator mo\u017ce stosowa\u0107 rozwi\u0105zania automatyzuj\u0105ce (marketing automation), np. wysy\u0142k\u0119 e-mail po odwiedzeniu konkretnej podstrony, o ile u\u017cytkownik wyrazi\u0142 na to zgod\u0119.<\/li>\n<\/ol>\n\n\n\n<h2 class=\"wp-block-heading\"><strong>7. Informacja o plikach cookies<\/strong><\/h2>\n\n\n\n<ol class=\"wp-block-list\">\n<li>Serwis korzysta z plik\u00f3w cookies stanowi\u0105cych dane informatyczne przechowywane w urz\u0105dzeniu ko\u0144cowym U\u017cytkownika.<\/li>\n\n\n\n<li>Pliki cookies wykorzystywane s\u0105 do utrzymania sesji u\u017cytkownika (brak konieczno\u015bci ponownego logowania) oraz w celach marketingowych i statystycznych.<\/li>\n\n\n\n<li>U\u017cytkownik mo\u017ce w ka\u017cdej chwili zmieni\u0107 ustawienia dotycz\u0105ce cookies w swojej przegl\u0105darce internetowej (mo\u017ce to jednak wp\u0142yn\u0105\u0107 na poprawne dzia\u0142anie niekt\u00f3rych funkcji serwisu).<\/li>\n\n\n\n<li>Pliki cookies mog\u0105 by\u0107 wykorzystywane r\u00f3wnie\u017c przez podmioty wsp\u00f3\u0142pracuj\u0105ce, takie jak: Google, Facebook, Twitter czy LinkedIn.<\/li>\n<\/ol>\n\n\n\n<h2 class=\"wp-block-heading\"><strong>8. Zarz\u0105dzanie plikami cookies<\/strong><\/h2>\n\n\n\n<p>Instrukcje dotycz\u0105ce zarz\u0105dzania ciasteczkami w najpopularniejszych przegl\u0105darkach (Chrome, Firefox, Safari, Edge) znajduj\u0105 si\u0119 w sekcji \u201ePomoc\u201d danej przegl\u0105darki lub na stronach ich dostawc\u00f3w.<\/p>\n\n\n\n<hr class=\"wp-block-separator has-alpha-channel-opacity\"\/>\n\n\n\n<p><em>Data ostatniej aktualizacji: 26.02.2025<\/em><\/p>\n","protected":false},"excerpt":{"rendered":"<p>1. Informacje og\u00f3lne 2. Wybrane metody ochrony danych stosowane przez Operatora 3. Hosting i logi Administratora 4. Twoje prawa i dodatkowe informacje o sposobie wykorzystania danych 5. Informacje w formularzach 6. Istotne techniki marketingowe 7. Informacja o plikach cookies 8. Zarz\u0105dzanie plikami cookies Instrukcje dotycz\u0105ce zarz\u0105dzania ciasteczkami w najpopularniejszych przegl\u0105darkach (Chrome, Firefox, Safari, Edge) znajduj\u0105 [&hellip;]<\/p>\n","protected":false},"author":1,"featured_media":0,"parent":0,"menu_order":0,"comment_status":"closed","ping_status":"open","template":"","meta":{"footnotes":""},"class_list":["post-3","page","type-page","status-publish","hentry"],"_links":{"self":[{"href":"https:\/\/colab.workspoty.com\/index.php\/wp-json\/wp\/v2\/pages\/3","targetHints":{"allow":["GET"]}}],"collection":[{"href":"https:\/\/colab.workspoty.com\/index.php\/wp-json\/wp\/v2\/pages"}],"about":[{"href":"https:\/\/colab.workspoty.com\/index.php\/wp-json\/wp\/v2\/types\/page"}],"author":[{"embeddable":true,"href":"https:\/\/colab.workspoty.com\/index.php\/wp-json\/wp\/v2\/users\/1"}],"replies":[{"embeddable":true,"href":"https:\/\/colab.workspoty.com\/index.php\/wp-json\/wp\/v2\/comments?post=3"}],"version-history":[{"count":2,"href":"https:\/\/colab.workspoty.com\/index.php\/wp-json\/wp\/v2\/pages\/3\/revisions"}],"predecessor-version":[{"id":413,"href":"https:\/\/colab.workspoty.com\/index.php\/wp-json\/wp\/v2\/pages\/3\/revisions\/413"}],"wp:attachment":[{"href":"https:\/\/colab.workspoty.com\/index.php\/wp-json\/wp\/v2\/media?parent=3"}],"curies":[{"name":"wp","href":"https:\/\/api.w.org\/{rel}","templated":true}]}}